{"id":2949,"date":"2024-09-07T14:47:50","date_gmt":"2024-09-07T07:47:50","guid":{"rendered":"https:\/\/vns.hcmussh.edu.vn\/?page_id=2949"},"modified":"2026-05-10T22:09:45","modified_gmt":"2026-05-10T15:09:45","slug":"khoa-hoc-tieng-viet-cho-nguoi-nuoc-ngoai-2","status":"publish","type":"page","link":"https:\/\/vlc.hcmussh.edu.vn\/index.php\/vi\/khoa-hoc-tieng-viet-cho-nguoi-nuoc-ngoai-2\/","title":{"rendered":"Kh\u00f3a H\u1ecdc Ti\u1ebfng Vi\u1ec7t Cho Ng\u01b0\u1eddi N\u01b0\u1edbc Ngo\u00e0i"},"content":{"rendered":"\t\t<div data-elementor-type=\"wp-page\" data-elementor-id=\"2949\" class=\"elementor elementor-2949\" data-elementor-post-type=\"page\">\n\t\t\t\t\t\t<section class=\"elementor-section elementor-top-section elementor-element elementor-element-63d7440 elementor-section-boxed elementor-section-height-default elementor-section-height-default wpr-particle-no wpr-jarallax-no wpr-parallax-no wpr-sticky-section-no\" data-id=\"63d7440\" data-element_type=\"section\">\n\t\t\t\t\t\t<div class=\"elementor-container elementor-column-gap-default\">\n\t\t\t\t\t<div class=\"elementor-column elementor-col-100 elementor-top-column elementor-element elementor-element-a28509e\" data-id=\"a28509e\" data-element_type=\"column\">\n\t\t\t<div class=\"elementor-widget-wrap elementor-element-populated\">\n\t\t\t\t\t\t<section class=\"elementor-section elementor-inner-section elementor-element elementor-element-f43386a elementor-section-boxed elementor-section-height-default elementor-section-height-default wpr-particle-no wpr-jarallax-no wpr-parallax-no wpr-sticky-section-no\" data-id=\"f43386a\" data-element_type=\"section\">\n\t\t\t\t\t\t<div class=\"elementor-container elementor-column-gap-default\">\n\t\t\t\t\t<div class=\"elementor-column elementor-col-100 elementor-inner-column elementor-element elementor-element-9a532b4\" data-id=\"9a532b4\" data-element_type=\"column\">\n\t\t\t<div class=\"elementor-widget-wrap\">\n\t\t\t\t\t\t\t<\/div>\n\t\t<\/div>\n\t\t\t\t\t<\/div>\n\t\t<\/section>\n\t\t\t\t<div class=\"elementor-element elementor-element-4cf7cf8 elementor-widget elementor-widget-text-editor\" data-id=\"4cf7cf8\" data-element_type=\"widget\" data-widget_type=\"text-editor.default\">\n\t\t\t\t<div class=\"elementor-widget-container\">\n\t\t\t\t\t\t\t<h4 style=\"text-align: center;\"><img decoding=\"async\" class=\"emoji\" role=\"img\" draggable=\"false\" src=\"https:\/\/s.w.org\/images\/core\/emoji\/15.0.3\/svg\/1f31f.svg\" alt=\"\ud83c\udf1f\" \/> Kh\u00f3a H\u1ecdc Ti\u1ebfng Vi\u1ec7t Cho Ng\u01b0\u1eddi N\u01b0\u1edbc Ngo\u00e0i <img decoding=\"async\" class=\"emoji\" role=\"img\" draggable=\"false\" src=\"https:\/\/s.w.org\/images\/core\/emoji\/15.0.3\/svg\/1f31f.svg\" alt=\"\ud83c\udf1f\" \/><\/h4><p>B\u1ea1n l\u00e0 ng\u01b0\u1eddi n\u01b0\u1edbc ngo\u00e0i \u0111ang sinh s\u1ed1ng v\u00e0 l\u00e0m vi\u1ec7c t\u1ea1i Vi\u1ec7t Nam? B\u1ea1n mu\u1ed1n n\u00e2ng cao k\u1ef9 n\u0103ng giao ti\u1ebfp \u0111\u1ec3 thu\u1eadn l\u1ee3i trong c\u00f4ng vi\u1ec7c v\u00e0 cu\u1ed9c s\u1ed1ng? H\u00e3y \u0111\u1ebfn v\u1edbi kh\u00f3a h\u1ecdc ti\u1ebfng Vi\u1ec7t ng\u1eafn h\u1ea1n c\u1ee7a ch\u00fang t\u00f4i!<\/p><p><img decoding=\"async\" class=\"emoji\" role=\"img\" draggable=\"false\" src=\"https:\/\/s.w.org\/images\/core\/emoji\/15.0.3\/svg\/1f539.svg\" alt=\"\ud83d\udd39\" \/> <strong>L\u1ef1a ch\u1ecdn ho\u00e0n h\u1ea3o cho ng\u01b0\u1eddi \u0111i l\u00e0m<\/strong>: Kh\u00f3a h\u1ecdc \u0111\u01b0\u1ee3c thi\u1ebft k\u1ebf linh ho\u1ea1t v\u1edbi th\u1eddi gian h\u1ecdc ph\u00f9 h\u1ee3p cho ng\u01b0\u1eddi b\u1eadn r\u1ed9n. B\u1ea1n s\u1ebd d\u1ec5 d\u00e0ng s\u1eafp x\u1ebfp l\u1ecbch h\u1ecdc m\u00e0 kh\u00f4ng \u1ea3nh h\u01b0\u1edfng \u0111\u1ebfn c\u00f4ng vi\u1ec7c.<\/p><p><img decoding=\"async\" class=\"emoji\" role=\"img\" draggable=\"false\" src=\"https:\/\/s.w.org\/images\/core\/emoji\/15.0.3\/svg\/1f539.svg\" alt=\"\ud83d\udd39\" \/> <strong>L\u1edbp h\u1ecdc nh\u1ecf, hi\u1ec7u qu\u1ea3 cao<\/strong>: M\u1ed7i l\u1edbp ch\u1ec9 t\u1eeb 3 \u0111\u1ebfn 14 h\u1ecdc vi\u00ean, gi\u00fap t\u0103ng c\u01b0\u1eddng t\u01b0\u01a1ng t\u00e1c v\u00e0 ch\u00fa tr\u1ecdng \u0111\u1ebfn t\u1eebng c\u00e1 nh\u00e2n. B\u1ea1n s\u1ebd nh\u1eadn \u0111\u01b0\u1ee3c s\u1ef1 h\u1ed7 tr\u1ee3 t\u1ed1i \u0111a t\u1eeb gi\u1ea3ng vi\u00ean.<\/p><p><img decoding=\"async\" class=\"emoji\" role=\"img\" draggable=\"false\" src=\"https:\/\/s.w.org\/images\/core\/emoji\/15.0.3\/svg\/1f539.svg\" alt=\"\ud83d\udd39\" \/> <strong>Kh\u00f3a h\u1ecdc ng\u1eafn h\u1ea1n (40 ti\u1ebft)<\/strong>: Ch\u01b0\u01a1ng tr\u00ecnh h\u1ecdc \u0111a d\u1ea1ng t\u1eeb s\u01a1 c\u1ea5p \u0111\u1ebfn n\u00e2ng cao, ph\u00f9 h\u1ee3p v\u1edbi m\u1ecdi tr\u00ecnh \u0111\u1ed9. Ch\u1ec9 trong 40 ti\u1ebft h\u1ecdc, b\u1ea1n s\u1ebd th\u1ea5y s\u1ef1 ti\u1ebfn b\u1ed9 r\u00f5 r\u1ec7t trong k\u1ef9 n\u0103ng ti\u1ebfng Vi\u1ec7t c\u1ee7a m\u00ecnh.<\/p><p>\u0110\u1eebng b\u1ecf l\u1ee1 c\u01a1 h\u1ed9i n\u00e0y! H\u00e3y \u0111\u0103ng k\u00fd ngay h\u00f4m nay \u0111\u1ec3 tr\u1ea3i nghi\u1ec7m s\u1ef1 kh\u00e1c bi\u1ec7t v\u00e0 n\u00e2ng cao kh\u1ea3 n\u0103ng ti\u1ebfng Vi\u1ec7t c\u1ee7a b\u1ea1n! <img decoding=\"async\" class=\"emoji\" role=\"img\" draggable=\"false\" src=\"https:\/\/s.w.org\/images\/core\/emoji\/15.0.3\/svg\/1f31f.svg\" alt=\"\ud83c\udf1f\" \/><\/p><p><img decoding=\"async\" class=\"emoji\" role=\"img\" draggable=\"false\" src=\"https:\/\/s.w.org\/images\/core\/emoji\/15.0.3\/svg\/1f4de.svg\" alt=\"\ud83d\udcde\" \/> Contact: 028-38225009<br \/><img decoding=\"async\" class=\"emoji\" role=\"img\" draggable=\"false\" src=\"https:\/\/s.w.org\/images\/core\/emoji\/15.0.3\/svg\/1f4e7.svg\" alt=\"\ud83d\udce7\" \/> Email: vns.tttv@hcmussh.edu.vn<br \/><img decoding=\"async\" class=\"emoji\" role=\"img\" draggable=\"false\" src=\"https:\/\/s.w.org\/images\/core\/emoji\/15.0.3\/svg\/1f4cd.svg\" alt=\"\ud83d\udccd\" \/> Address: Ph\u00f2ng C002, 10-12 \u0110inh Ti\u00ean Ho\u00e0ng, P. S\u00e0i G\u00f2n (P. B\u1ebfn Ngh\u00e9, Q.1 c\u0169), TP.HCM<\/p>\t\t\t\t\t\t<\/div>\n\t\t\t\t<\/div>\n\t\t\t\t<div class=\"elementor-element elementor-element-aa8f015 elementor-widget__width-initial elementor-widget elementor-widget-pdfjs-viewer\" data-id=\"aa8f015\" data-element_type=\"widget\" data-widget_type=\"pdfjs-viewer.default\">\n\t\t\t\t<div class=\"elementor-widget-container\">\n\t\t\t<iframe width=\"\" height=\"700\" src=\"https:\/\/vlc.hcmussh.edu.vn\/wp-content\/plugins\/pdfjs-viewer-for-elementor\/\/assets\/js\/pdfjs\/web\/viewer.html?file=https:\/\/vlc.hcmussh.edu.vn\/wp-content\/uploads\/2026\/05\/436.pdf\"><\/iframe>\t\t<\/div>\n\t\t\t\t<\/div>\n\t\t\t\t<div class=\"elementor-element elementor-element-6f700f6 elementor-widget__width-initial elementor-widget elementor-widget-pdfjs-viewer\" data-id=\"6f700f6\" data-element_type=\"widget\" data-widget_type=\"pdfjs-viewer.default\">\n\t\t\t\t<div class=\"elementor-widget-container\">\n\t\t\t<iframe width=\"\" height=\"700\" src=\"https:\/\/vlc.hcmussh.edu.vn\/wp-content\/plugins\/pdfjs-viewer-for-elementor\/\/assets\/js\/pdfjs\/web\/viewer.html?file=https:\/\/vlc.hcmussh.edu.vn\/wp-content\/uploads\/2026\/05\/437.pdf\"><\/iframe>\t\t<\/div>\n\t\t\t\t<\/div>\n\t\t\t\t\t<\/div>\n\t\t<\/div>\n\t\t\t\t\t<\/div>\n\t\t<\/section>\n\t\t\t\t<\/div>\n\t\t","protected":false},"excerpt":{"rendered":"<p>Kh\u00f3a H\u1ecdc Ti\u1ebfng Vi\u1ec7t Cho Ng\u01b0\u1eddi N\u01b0\u1edbc Ngo\u00e0i B\u1ea1n l\u00e0 ng\u01b0\u1eddi n\u01b0\u1edbc ngo\u00e0i \u0111ang sinh s\u1ed1ng v\u00e0 l\u00e0m vi\u1ec7c t\u1ea1i Vi\u1ec7t Nam? B\u1ea1n mu\u1ed1n n\u00e2ng cao k\u1ef9 n\u0103ng giao ti\u1ebfp \u0111\u1ec3 thu\u1eadn l\u1ee3i trong c\u00f4ng vi\u1ec7c v\u00e0 cu\u1ed9c s\u1ed1ng? H\u00e3y \u0111\u1ebfn v\u1edbi kh\u00f3a h\u1ecdc ti\u1ebfng Vi\u1ec7t ng\u1eafn h\u1ea1n c\u1ee7a ch\u00fang t\u00f4i! L\u1ef1a ch\u1ecdn ho\u00e0n h\u1ea3o cho ng\u01b0\u1eddi \u0111i l\u00e0m: Kh\u00f3a h\u1ecdc \u0111\u01b0\u1ee3c thi\u1ebft k\u1ebf linh ho\u1ea1t v\u1edbi th\u1eddi gian h\u1ecdc ph\u00f9 h\u1ee3p cho ng\u01b0\u1eddi b\u1eadn r\u1ed9n. B\u1ea1n s\u1ebd d\u1ec5 d\u00e0ng s\u1eafp x\u1ebfp l\u1ecbch h\u1ecdc m\u00e0 kh\u00f4ng \u1ea3nh h\u01b0\u1edfng \u0111\u1ebfn c\u00f4ng vi\u1ec7c. L\u1edbp h\u1ecdc nh\u1ecf, hi\u1ec7u qu\u1ea3 cao: M\u1ed7i l\u1edbp ch\u1ec9 t\u1eeb 3 \u0111\u1ebfn 14 h\u1ecdc vi\u00ean, gi\u00fap t\u0103ng c\u01b0\u1eddng t\u01b0\u01a1ng t\u00e1c v\u00e0 ch\u00fa tr\u1ecdng \u0111\u1ebfn t\u1eebng c\u00e1 nh\u00e2n. B\u1ea1n s\u1ebd nh\u1eadn \u0111\u01b0\u1ee3c s\u1ef1 h\u1ed7 tr\u1ee3 t\u1ed1i \u0111a t\u1eeb gi\u1ea3ng vi\u00ean. Kh\u00f3a h\u1ecdc ng\u1eafn h\u1ea1n (40 ti\u1ebft): Ch\u01b0\u01a1ng tr\u00ecnh h\u1ecdc \u0111a d\u1ea1ng t\u1eeb s\u01a1 c\u1ea5p \u0111\u1ebfn n\u00e2ng cao, ph\u00f9 h\u1ee3p v\u1edbi m\u1ecdi tr\u00ecnh \u0111\u1ed9. Ch\u1ec9 trong 40 ti\u1ebft h\u1ecdc, b\u1ea1n s\u1ebd th\u1ea5y s\u1ef1 ti\u1ebfn b\u1ed9 r\u00f5 r\u1ec7t trong k\u1ef9 n\u0103ng ti\u1ebfng Vi\u1ec7t c\u1ee7a m\u00ecnh. \u0110\u1eebng b\u1ecf l\u1ee1 c\u01a1 h\u1ed9i n\u00e0y! H\u00e3y \u0111\u0103ng k\u00fd ngay h\u00f4m nay \u0111\u1ec3 tr\u1ea3i nghi\u1ec7m s\u1ef1 kh\u00e1c bi\u1ec7t v\u00e0 n\u00e2ng cao kh\u1ea3 n\u0103ng ti\u1ebfng Vi\u1ec7t c\u1ee7a b\u1ea1n! Contact: 028-38225009 Email: vns.tttv@hcmussh.edu.vn Address: Ph\u00f2ng C002, 10-12 \u0110inh Ti\u00ean Ho\u00e0ng, P. S\u00e0i G\u00f2n (P. B\u1ebfn Ngh\u00e9, Q.1 c\u0169), TP.HCM<\/p>\n","protected":false},"author":2,"featured_media":0,"parent":0,"menu_order":0,"comment_status":"closed","ping_status":"closed","template":"","meta":{"_acf_changed":false,"footnotes":""},"class_list":["post-2949","page","type-page","status-publish","hentry"],"acf":[],"_links":{"self":[{"href":"https:\/\/vlc.hcmussh.edu.vn\/index.php\/wp-json\/wp\/v2\/pages\/2949","targetHints":{"allow":["GET"]}}],"collection":[{"href":"https:\/\/vlc.hcmussh.edu.vn\/index.php\/wp-json\/wp\/v2\/pages"}],"about":[{"href":"https:\/\/vlc.hcmussh.edu.vn\/index.php\/wp-json\/wp\/v2\/types\/page"}],"author":[{"embeddable":true,"href":"https:\/\/vlc.hcmussh.edu.vn\/index.php\/wp-json\/wp\/v2\/users\/2"}],"replies":[{"embeddable":true,"href":"https:\/\/vlc.hcmussh.edu.vn\/index.php\/wp-json\/wp\/v2\/comments?post=2949"}],"version-history":[{"count":73,"href":"https:\/\/vlc.hcmussh.edu.vn\/index.php\/wp-json\/wp\/v2\/pages\/2949\/revisions"}],"predecessor-version":[{"id":7322,"href":"https:\/\/vlc.hcmussh.edu.vn\/index.php\/wp-json\/wp\/v2\/pages\/2949\/revisions\/7322"}],"wp:attachment":[{"href":"https:\/\/vlc.hcmussh.edu.vn\/index.php\/wp-json\/wp\/v2\/media?parent=2949"}],"curies":[{"name":"wp","href":"https:\/\/api.w.org\/{rel}","templated":true}]}}